{"id":22647,"date":"2022-04-04T16:00:52","date_gmt":"2022-04-04T20:00:52","guid":{"rendered":"https:\/\/www.centredesignrealite.com\/?post_type=product&#038;p=22647"},"modified":"2026-01-31T13:31:04","modified_gmt":"2026-01-31T18:31:04","slug":"baignoire-antika","status":"publish","type":"product","link":"https:\/\/www.centredesignrealite.com\/en\/produit\/baignoire-antika\/","title":{"rendered":"BAIGNOIRE ANTIKA"},"content":{"rendered":"<ul>\n<li>Formes classiques<\/li>\n<li>2 places<\/li>\n<li>Immersion profonde<\/li>\n<li>Bain sym\u00e9trique<\/li>\n<li>Moul\u00e9 avec son socle<\/li>\n<li>D\u00e9gagement large des \u00e9paules<\/li>\n<li>Bordure mince maximise l\u2019espace int\u00e9rieur<\/li>\n<\/ul>\n","protected":false},"excerpt":{"rendered":"<p>Cette baignoire d\u2019inspiration victorienne, s\u2019adaptera ais\u00e9ment \u00e0 une combinaison de style contemporain ou, cr\u00e9era un espace parfaitement romantique. Ce bain de d\u00e9tente avec rebords arrondis est assez spacieux pour que deux personnes profitent confortablement d\u2019un moment de relaxation.<\/p>\n","protected":false},"featured_media":22648,"comment_status":"open","ping_status":"closed","template":"","meta":{"_monsterinsights_skip_tracking":false,"_monsterinsights_sitenote_active":false,"_monsterinsights_sitenote_note":"","_monsterinsights_sitenote_category":0,"_jet_sm_ready_style":"","_jet_sm_style":"","_jet_sm_controls_values":"","_jet_sm_fonts_collection":"","_jet_sm_fonts_links":""},"product_cat":[126],"product_tag":[],"class_list":{"0":"post-22647","1":"product","2":"type-product","3":"status-publish","4":"has-post-thumbnail","6":"product_brand-antika","7":"product_cat-baignoires","10":"first","11":"instock","12":"shipping-taxable","13":"product-type-simple"},"yoast_head":"<!-- This site is optimized with the Yoast SEO Premium plugin v25.1 (Yoast SEO v25.1) - https:\/\/yoast.com\/wordpress\/plugins\/seo\/ -->\n<title>BAIGNOIRE ANTIKA - R\u00e9novation de cuisine &amp; salle de bains \u00e0 Laval<\/title>\n<meta name=\"robots\" content=\"index, follow, max-snippet:-1, max-image-preview:large, max-video-preview:-1\" \/>\n<link rel=\"canonical\" href=\"https:\/\/www.centredesignrealite.com\/en\/produit\/baignoire-antika\/\" \/>\n<meta property=\"og:locale\" content=\"en_US\" \/>\n<meta property=\"og:type\" content=\"article\" \/>\n<meta property=\"og:title\" content=\"BAIGNOIRE ANTIKA\" \/>\n<meta property=\"og:description\" content=\"Cette baignoire d\u2019inspiration victorienne, s\u2019adaptera ais\u00e9ment \u00e0 une combinaison de style contemporain ou, cr\u00e9era un espace parfaitement romantique. Ce bain de d\u00e9tente avec rebords arrondis est assez spacieux pour que deux personnes profitent confortablement d\u2019un moment de relaxation.\" \/>\n<meta property=\"og:url\" content=\"https:\/\/www.centredesignrealite.com\/en\/produit\/baignoire-antika\/\" \/>\n<meta property=\"og:site_name\" content=\"R\u00e9novation de cuisine &amp; salle de bains \u00e0 Laval\" \/>\n<meta property=\"article:publisher\" content=\"https:\/\/www.facebook.com\/CentreDesignRealite\" \/>\n<meta property=\"article:modified_time\" content=\"2026-01-31T18:31:04+00:00\" \/>\n<meta property=\"og:image\" content=\"https:\/\/www.centredesignrealite.com\/wp-content\/uploads\/2022\/04\/BAIGNOIRE-ANTIKA.jpg\" \/>\n\t<meta property=\"og:image:width\" content=\"783\" \/>\n\t<meta property=\"og:image:height\" content=\"1000\" \/>\n\t<meta property=\"og:image:type\" content=\"image\/jpeg\" \/>\n<meta name=\"twitter:card\" content=\"summary_large_image\" \/>\n<meta name=\"twitter:label1\" content=\"Est. reading time\" \/>\n\t<meta name=\"twitter:data1\" content=\"1 minute\" \/>\n<script type=\"application\/ld+json\" class=\"yoast-schema-graph\">{\"@context\":\"https:\/\/schema.org\",\"@graph\":[{\"@type\":\"WebPage\",\"@id\":\"https:\/\/www.centredesignrealite.com\/en\/produit\/baignoire-antika\/\",\"url\":\"https:\/\/www.centredesignrealite.com\/en\/produit\/baignoire-antika\/\",\"name\":\"BAIGNOIRE ANTIKA - R\u00e9novation de cuisine &amp; salle de bains \u00e0 Laval\",\"isPartOf\":{\"@id\":\"https:\/\/www.centredesignrealite.com\/en\/#website\"},\"primaryImageOfPage\":{\"@id\":\"https:\/\/www.centredesignrealite.com\/en\/produit\/baignoire-antika\/#primaryimage\"},\"image\":{\"@id\":\"https:\/\/www.centredesignrealite.com\/en\/produit\/baignoire-antika\/#primaryimage\"},\"thumbnailUrl\":\"https:\/\/www.centredesignrealite.com\/wp-content\/uploads\/2022\/04\/BAIGNOIRE-ANTIKA.jpg\",\"datePublished\":\"2022-04-04T20:00:52+00:00\",\"dateModified\":\"2026-01-31T18:31:04+00:00\",\"breadcrumb\":{\"@id\":\"https:\/\/www.centredesignrealite.com\/en\/produit\/baignoire-antika\/#breadcrumb\"},\"inLanguage\":\"en-US\",\"potentialAction\":[{\"@type\":\"ReadAction\",\"target\":[\"https:\/\/www.centredesignrealite.com\/en\/produit\/baignoire-antika\/\"]}]},{\"@type\":\"ImageObject\",\"inLanguage\":\"en-US\",\"@id\":\"https:\/\/www.centredesignrealite.com\/en\/produit\/baignoire-antika\/#primaryimage\",\"url\":\"https:\/\/www.centredesignrealite.com\/wp-content\/uploads\/2022\/04\/BAIGNOIRE-ANTIKA.jpg\",\"contentUrl\":\"https:\/\/www.centredesignrealite.com\/wp-content\/uploads\/2022\/04\/BAIGNOIRE-ANTIKA.jpg\",\"width\":783,\"height\":1000},{\"@type\":\"BreadcrumbList\",\"@id\":\"https:\/\/www.centredesignrealite.com\/en\/produit\/baignoire-antika\/#breadcrumb\",\"itemListElement\":[{\"@type\":\"ListItem\",\"position\":1,\"name\":\"Acceuil\",\"item\":\"https:\/\/www.centredesignrealite.com\/en\/kitchen-bathroom-specialist\/\"},{\"@type\":\"ListItem\",\"position\":2,\"name\":\"Store\",\"item\":\"https:\/\/www.centredesignrealite.com\/en\/shop\/\"},{\"@type\":\"ListItem\",\"position\":3,\"name\":\"BAIGNOIRE ANTIKA\"}]},{\"@type\":\"WebSite\",\"@id\":\"https:\/\/www.centredesignrealite.com\/en\/#website\",\"url\":\"https:\/\/www.centredesignrealite.com\/en\/\",\"name\":\"R\u00e9novation de cuisine & salle de bains \u00e0 Laval\",\"description\":\"\",\"publisher\":{\"@id\":\"https:\/\/www.centredesignrealite.com\/en\/#organization\"},\"potentialAction\":[{\"@type\":\"SearchAction\",\"target\":{\"@type\":\"EntryPoint\",\"urlTemplate\":\"https:\/\/www.centredesignrealite.com\/en\/?s={search_term_string}\"},\"query-input\":{\"@type\":\"PropertyValueSpecification\",\"valueRequired\":true,\"valueName\":\"search_term_string\"}}],\"inLanguage\":\"en-US\"},{\"@type\":\"Organization\",\"@id\":\"https:\/\/www.centredesignrealite.com\/en\/#organization\",\"name\":\"R\u00e9novation de cuisine & salle de bains \u00e0 Laval\",\"url\":\"https:\/\/www.centredesignrealite.com\/en\/\",\"logo\":{\"@type\":\"ImageObject\",\"inLanguage\":\"en-US\",\"@id\":\"https:\/\/www.centredesignrealite.com\/en\/#\/schema\/logo\/image\/\",\"url\":\"https:\/\/www.centredesignrealite.com\/wp-content\/uploads\/2022\/03\/cropped-logoCdr-1.png\",\"contentUrl\":\"https:\/\/www.centredesignrealite.com\/wp-content\/uploads\/2022\/03\/cropped-logoCdr-1.png\",\"width\":274,\"height\":274,\"caption\":\"R\u00e9novation de cuisine & salle de bains \u00e0 Laval\"},\"image\":{\"@id\":\"https:\/\/www.centredesignrealite.com\/en\/#\/schema\/logo\/image\/\"},\"sameAs\":[\"https:\/\/www.facebook.com\/CentreDesignRealite\"]}]}<\/script>\n<!-- \/ Yoast SEO Premium plugin. -->","yoast_head_json":{"title":"BAIGNOIRE ANTIKA - R\u00e9novation de cuisine &amp; salle de bains \u00e0 Laval","robots":{"index":"index","follow":"follow","max-snippet":"max-snippet:-1","max-image-preview":"max-image-preview:large","max-video-preview":"max-video-preview:-1"},"canonical":"https:\/\/www.centredesignrealite.com\/en\/produit\/baignoire-antika\/","og_locale":"en_US","og_type":"article","og_title":"BAIGNOIRE ANTIKA","og_description":"Cette baignoire d\u2019inspiration victorienne, s\u2019adaptera ais\u00e9ment \u00e0 une combinaison de style contemporain ou, cr\u00e9era un espace parfaitement romantique. Ce bain de d\u00e9tente avec rebords arrondis est assez spacieux pour que deux personnes profitent confortablement d\u2019un moment de relaxation.","og_url":"https:\/\/www.centredesignrealite.com\/en\/produit\/baignoire-antika\/","og_site_name":"R\u00e9novation de cuisine &amp; salle de bains \u00e0 Laval","article_publisher":"https:\/\/www.facebook.com\/CentreDesignRealite","article_modified_time":"2026-01-31T18:31:04+00:00","og_image":[{"width":783,"height":1000,"url":"https:\/\/www.centredesignrealite.com\/wp-content\/uploads\/2022\/04\/BAIGNOIRE-ANTIKA.jpg","type":"image\/jpeg"}],"twitter_card":"summary_large_image","twitter_misc":{"Est. reading time":"1 minute"},"schema":{"@context":"https:\/\/schema.org","@graph":[{"@type":"WebPage","@id":"https:\/\/www.centredesignrealite.com\/en\/produit\/baignoire-antika\/","url":"https:\/\/www.centredesignrealite.com\/en\/produit\/baignoire-antika\/","name":"BAIGNOIRE ANTIKA - R\u00e9novation de cuisine &amp; salle de bains \u00e0 Laval","isPartOf":{"@id":"https:\/\/www.centredesignrealite.com\/en\/#website"},"primaryImageOfPage":{"@id":"https:\/\/www.centredesignrealite.com\/en\/produit\/baignoire-antika\/#primaryimage"},"image":{"@id":"https:\/\/www.centredesignrealite.com\/en\/produit\/baignoire-antika\/#primaryimage"},"thumbnailUrl":"https:\/\/www.centredesignrealite.com\/wp-content\/uploads\/2022\/04\/BAIGNOIRE-ANTIKA.jpg","datePublished":"2022-04-04T20:00:52+00:00","dateModified":"2026-01-31T18:31:04+00:00","breadcrumb":{"@id":"https:\/\/www.centredesignrealite.com\/en\/produit\/baignoire-antika\/#breadcrumb"},"inLanguage":"en-US","potentialAction":[{"@type":"ReadAction","target":["https:\/\/www.centredesignrealite.com\/en\/produit\/baignoire-antika\/"]}]},{"@type":"ImageObject","inLanguage":"en-US","@id":"https:\/\/www.centredesignrealite.com\/en\/produit\/baignoire-antika\/#primaryimage","url":"https:\/\/www.centredesignrealite.com\/wp-content\/uploads\/2022\/04\/BAIGNOIRE-ANTIKA.jpg","contentUrl":"https:\/\/www.centredesignrealite.com\/wp-content\/uploads\/2022\/04\/BAIGNOIRE-ANTIKA.jpg","width":783,"height":1000},{"@type":"BreadcrumbList","@id":"https:\/\/www.centredesignrealite.com\/en\/produit\/baignoire-antika\/#breadcrumb","itemListElement":[{"@type":"ListItem","position":1,"name":"Acceuil","item":"https:\/\/www.centredesignrealite.com\/en\/kitchen-bathroom-specialist\/"},{"@type":"ListItem","position":2,"name":"Store","item":"https:\/\/www.centredesignrealite.com\/en\/shop\/"},{"@type":"ListItem","position":3,"name":"BAIGNOIRE ANTIKA"}]},{"@type":"WebSite","@id":"https:\/\/www.centredesignrealite.com\/en\/#website","url":"https:\/\/www.centredesignrealite.com\/en\/","name":"R\u00e9novation de cuisine & salle de bains \u00e0 Laval","description":"","publisher":{"@id":"https:\/\/www.centredesignrealite.com\/en\/#organization"},"potentialAction":[{"@type":"SearchAction","target":{"@type":"EntryPoint","urlTemplate":"https:\/\/www.centredesignrealite.com\/en\/?s={search_term_string}"},"query-input":{"@type":"PropertyValueSpecification","valueRequired":true,"valueName":"search_term_string"}}],"inLanguage":"en-US"},{"@type":"Organization","@id":"https:\/\/www.centredesignrealite.com\/en\/#organization","name":"R\u00e9novation de cuisine & salle de bains \u00e0 Laval","url":"https:\/\/www.centredesignrealite.com\/en\/","logo":{"@type":"ImageObject","inLanguage":"en-US","@id":"https:\/\/www.centredesignrealite.com\/en\/#\/schema\/logo\/image\/","url":"https:\/\/www.centredesignrealite.com\/wp-content\/uploads\/2022\/03\/cropped-logoCdr-1.png","contentUrl":"https:\/\/www.centredesignrealite.com\/wp-content\/uploads\/2022\/03\/cropped-logoCdr-1.png","width":274,"height":274,"caption":"R\u00e9novation de cuisine & salle de bains \u00e0 Laval"},"image":{"@id":"https:\/\/www.centredesignrealite.com\/en\/#\/schema\/logo\/image\/"},"sameAs":["https:\/\/www.facebook.com\/CentreDesignRealite"]}]}},"_links":{"self":[{"href":"https:\/\/www.centredesignrealite.com\/en\/wp-json\/wp\/v2\/product\/22647","targetHints":{"allow":["GET"]}}],"collection":[{"href":"https:\/\/www.centredesignrealite.com\/en\/wp-json\/wp\/v2\/product"}],"about":[{"href":"https:\/\/www.centredesignrealite.com\/en\/wp-json\/wp\/v2\/types\/product"}],"replies":[{"embeddable":true,"href":"https:\/\/www.centredesignrealite.com\/en\/wp-json\/wp\/v2\/comments?post=22647"}],"version-history":[{"count":0,"href":"https:\/\/www.centredesignrealite.com\/en\/wp-json\/wp\/v2\/product\/22647\/revisions"}],"wp:featuredmedia":[{"embeddable":true,"href":"https:\/\/www.centredesignrealite.com\/en\/wp-json\/wp\/v2\/media\/22648"}],"wp:attachment":[{"href":"https:\/\/www.centredesignrealite.com\/en\/wp-json\/wp\/v2\/media?parent=22647"}],"wp:term":[{"taxonomy":"product_cat","embeddable":true,"href":"https:\/\/www.centredesignrealite.com\/en\/wp-json\/wp\/v2\/product_cat?post=22647"},{"taxonomy":"product_tag","embeddable":true,"href":"https:\/\/www.centredesignrealite.com\/en\/wp-json\/wp\/v2\/product_tag?post=22647"}],"curies":[{"name":"wp","href":"https:\/\/api.w.org\/{rel}","templated":true}]}}