{"id":22669,"date":"2022-04-04T16:55:07","date_gmt":"2022-04-04T20:55:07","guid":{"rendered":"https:\/\/www.centredesignrealite.com\/?post_type=product&#038;p=22669"},"modified":"2022-04-04T17:06:03","modified_gmt":"2022-04-04T21:06:03","slug":"evier-cuisine-acier-inoxydable","status":"publish","type":"product","link":"https:\/\/www.centredesignrealite.com\/en\/produit\/evier-cuisine-acier-inoxydable\/","title":{"rendered":"\u00c9VIER DE CUISINE EN ACIER INOXYDABLE"},"content":{"rendered":"<p><strong>Dimensions du produit<\/strong><br \/>\nLongueur totale 30 1\/8&#8221;<br \/>\nLargeur hors tout 20&#8221;<br \/>\nLongueur du grand bol 28 1\/8&#8221;<br \/>\nLargeur du grand bol 18 1\/4&#8221;<br \/>\nProfondeur du grand bol 9 3\/16&#8221;<br \/>\nTaille minimale de l&#8217;armoire 33&#8221;<\/p>\n","protected":false},"excerpt":{"rendered":"<h1>\u00c9vier de cuisine en acier inoxydable<\/h1>\n<p>La s\u00e9rie d&#8217;\u00e9viers Cube pr\u00e9sente un look minimaliste et lin\u00e9aire avec des coins \u00e0 rayon serr\u00e9 et est un compl\u00e9ment parfait \u00e0 une esth\u00e9tique de cuisine moderne ou transitionnelle.<\/p>\n<p><strong>CARACT\u00c9RISTIQUES<\/strong><\/p>\n<ul>\n<li>Bol profond : un grand bol profond facilite le nettoyage des ustensiles de cuisine et minimise les \u00e9claboussures, offrant la forme et la fonction que vous attendez de votre \u00e9vier.<\/li>\n<li>Facile \u00e0 nettoyer : la finition nacr\u00e9e r\u00e9sistante r\u00e9sistera \u00e0 une utilisation quotidienne intensive.<br \/>\nVidange efficace : le fond inclin\u00e9 cr\u00e9e une vidange efficace, et le placement du drain arri\u00e8re offre un stockage suppl\u00e9mentaire sous l&#8217;\u00e9vier.<\/li>\n<li>Installation sous le comptoir : Install\u00e9 sous le comptoir, il donne une finition sans rebord facile \u00e0 nettoyer.<\/li>\n<\/ul>\n","protected":false},"featured_media":22670,"comment_status":"open","ping_status":"closed","template":"","meta":{"_monsterinsights_skip_tracking":false,"_monsterinsights_sitenote_active":false,"_monsterinsights_sitenote_note":"","_monsterinsights_sitenote_category":0,"_jet_sm_ready_style":"","_jet_sm_style":"","_jet_sm_controls_values":"","_jet_sm_fonts_collection":"","_jet_sm_fonts_links":""},"product_cat":[135],"product_tag":[],"class_list":{"0":"post-22669","1":"product","2":"type-product","3":"status-publish","4":"has-post-thumbnail","6":"product_brand-franke","7":"product_cat-evier","10":"first","11":"instock","12":"shipping-taxable","13":"product-type-simple"},"yoast_head":"<!-- This site is optimized with the Yoast SEO Premium plugin v25.1 (Yoast SEO v25.1) - https:\/\/yoast.com\/wordpress\/plugins\/seo\/ -->\n<title>\u00c9VIER DE CUISINE EN ACIER INOXYDABLE - R\u00e9novation de cuisine &amp; salle de bains \u00e0 Laval<\/title>\n<meta name=\"robots\" content=\"index, follow, max-snippet:-1, max-image-preview:large, max-video-preview:-1\" \/>\n<link rel=\"canonical\" href=\"https:\/\/www.centredesignrealite.com\/en\/produit\/evier-cuisine-acier-inoxydable\/\" \/>\n<meta property=\"og:locale\" content=\"en_US\" \/>\n<meta property=\"og:type\" content=\"article\" \/>\n<meta property=\"og:title\" content=\"\u00c9VIER DE CUISINE EN ACIER INOXYDABLE\" \/>\n<meta property=\"og:description\" content=\"\u00c9vier de cuisine en acier inoxydable La s\u00e9rie d&#039;\u00e9viers Cube pr\u00e9sente un look minimaliste et lin\u00e9aire avec des coins \u00e0 rayon serr\u00e9 et est un compl\u00e9ment parfait \u00e0 une esth\u00e9tique de cuisine moderne ou transitionnelle.  CARACT\u00c9RISTIQUES   Bol profond : un grand bol profond facilite le nettoyage des ustensiles de cuisine et minimise les \u00e9claboussures, offrant la forme et la fonction que vous attendez de votre \u00e9vier.  Facile \u00e0 nettoyer : la finition nacr\u00e9e r\u00e9sistante r\u00e9sistera \u00e0 une utilisation quotidienne intensive. Vidange efficace : le fond inclin\u00e9 cr\u00e9e une vidange efficace, et le placement du drain arri\u00e8re offre un stockage suppl\u00e9mentaire sous l&#039;\u00e9vier.  Installation sous le comptoir : Install\u00e9 sous le comptoir, il donne une finition sans rebord facile \u00e0 nettoyer.\" \/>\n<meta property=\"og:url\" content=\"https:\/\/www.centredesignrealite.com\/en\/produit\/evier-cuisine-acier-inoxydable\/\" \/>\n<meta property=\"og:site_name\" content=\"R\u00e9novation de cuisine &amp; salle de bains \u00e0 Laval\" \/>\n<meta property=\"article:publisher\" content=\"https:\/\/www.facebook.com\/CentreDesignRealite\" \/>\n<meta property=\"article:modified_time\" content=\"2022-04-04T21:06:03+00:00\" \/>\n<meta property=\"og:image\" content=\"https:\/\/www.centredesignrealite.com\/wp-content\/uploads\/2022\/04\/Evier-de-cuisine-en-acier.jpg\" \/>\n\t<meta property=\"og:image:width\" content=\"783\" \/>\n\t<meta property=\"og:image:height\" content=\"1000\" \/>\n\t<meta property=\"og:image:type\" content=\"image\/jpeg\" \/>\n<meta name=\"twitter:card\" content=\"summary_large_image\" \/>\n<meta name=\"twitter:label1\" content=\"Est. reading time\" \/>\n\t<meta name=\"twitter:data1\" content=\"1 minute\" \/>\n<script type=\"application\/ld+json\" class=\"yoast-schema-graph\">{\"@context\":\"https:\/\/schema.org\",\"@graph\":[{\"@type\":\"WebPage\",\"@id\":\"https:\/\/www.centredesignrealite.com\/en\/produit\/evier-cuisine-acier-inoxydable\/\",\"url\":\"https:\/\/www.centredesignrealite.com\/en\/produit\/evier-cuisine-acier-inoxydable\/\",\"name\":\"\u00c9VIER DE CUISINE EN ACIER INOXYDABLE - R\u00e9novation de cuisine &amp; salle de bains \u00e0 Laval\",\"isPartOf\":{\"@id\":\"https:\/\/www.centredesignrealite.com\/en\/#website\"},\"primaryImageOfPage\":{\"@id\":\"https:\/\/www.centredesignrealite.com\/en\/produit\/evier-cuisine-acier-inoxydable\/#primaryimage\"},\"image\":{\"@id\":\"https:\/\/www.centredesignrealite.com\/en\/produit\/evier-cuisine-acier-inoxydable\/#primaryimage\"},\"thumbnailUrl\":\"https:\/\/www.centredesignrealite.com\/wp-content\/uploads\/2022\/04\/Evier-de-cuisine-en-acier.jpg\",\"datePublished\":\"2022-04-04T20:55:07+00:00\",\"dateModified\":\"2022-04-04T21:06:03+00:00\",\"breadcrumb\":{\"@id\":\"https:\/\/www.centredesignrealite.com\/en\/produit\/evier-cuisine-acier-inoxydable\/#breadcrumb\"},\"inLanguage\":\"en-US\",\"potentialAction\":[{\"@type\":\"ReadAction\",\"target\":[\"https:\/\/www.centredesignrealite.com\/en\/produit\/evier-cuisine-acier-inoxydable\/\"]}]},{\"@type\":\"ImageObject\",\"inLanguage\":\"en-US\",\"@id\":\"https:\/\/www.centredesignrealite.com\/en\/produit\/evier-cuisine-acier-inoxydable\/#primaryimage\",\"url\":\"https:\/\/www.centredesignrealite.com\/wp-content\/uploads\/2022\/04\/Evier-de-cuisine-en-acier.jpg\",\"contentUrl\":\"https:\/\/www.centredesignrealite.com\/wp-content\/uploads\/2022\/04\/Evier-de-cuisine-en-acier.jpg\",\"width\":783,\"height\":1000},{\"@type\":\"BreadcrumbList\",\"@id\":\"https:\/\/www.centredesignrealite.com\/en\/produit\/evier-cuisine-acier-inoxydable\/#breadcrumb\",\"itemListElement\":[{\"@type\":\"ListItem\",\"position\":1,\"name\":\"Acceuil\",\"item\":\"https:\/\/www.centredesignrealite.com\/en\/kitchen-bathroom-specialist\/\"},{\"@type\":\"ListItem\",\"position\":2,\"name\":\"Store\",\"item\":\"https:\/\/www.centredesignrealite.com\/en\/shop\/\"},{\"@type\":\"ListItem\",\"position\":3,\"name\":\"\u00c9VIER DE CUISINE EN ACIER INOXYDABLE\"}]},{\"@type\":\"WebSite\",\"@id\":\"https:\/\/www.centredesignrealite.com\/en\/#website\",\"url\":\"https:\/\/www.centredesignrealite.com\/en\/\",\"name\":\"R\u00e9novation de cuisine & salle de bains \u00e0 Laval\",\"description\":\"\",\"publisher\":{\"@id\":\"https:\/\/www.centredesignrealite.com\/en\/#organization\"},\"potentialAction\":[{\"@type\":\"SearchAction\",\"target\":{\"@type\":\"EntryPoint\",\"urlTemplate\":\"https:\/\/www.centredesignrealite.com\/en\/?s={search_term_string}\"},\"query-input\":{\"@type\":\"PropertyValueSpecification\",\"valueRequired\":true,\"valueName\":\"search_term_string\"}}],\"inLanguage\":\"en-US\"},{\"@type\":\"Organization\",\"@id\":\"https:\/\/www.centredesignrealite.com\/en\/#organization\",\"name\":\"R\u00e9novation de cuisine & salle de bains \u00e0 Laval\",\"url\":\"https:\/\/www.centredesignrealite.com\/en\/\",\"logo\":{\"@type\":\"ImageObject\",\"inLanguage\":\"en-US\",\"@id\":\"https:\/\/www.centredesignrealite.com\/en\/#\/schema\/logo\/image\/\",\"url\":\"https:\/\/www.centredesignrealite.com\/wp-content\/uploads\/2022\/03\/cropped-logoCdr-1.png\",\"contentUrl\":\"https:\/\/www.centredesignrealite.com\/wp-content\/uploads\/2022\/03\/cropped-logoCdr-1.png\",\"width\":274,\"height\":274,\"caption\":\"R\u00e9novation de cuisine & salle de bains \u00e0 Laval\"},\"image\":{\"@id\":\"https:\/\/www.centredesignrealite.com\/en\/#\/schema\/logo\/image\/\"},\"sameAs\":[\"https:\/\/www.facebook.com\/CentreDesignRealite\"]}]}<\/script>\n<!-- \/ Yoast SEO Premium plugin. -->","yoast_head_json":{"title":"\u00c9VIER DE CUISINE EN ACIER INOXYDABLE - R\u00e9novation de cuisine &amp; salle de bains \u00e0 Laval","robots":{"index":"index","follow":"follow","max-snippet":"max-snippet:-1","max-image-preview":"max-image-preview:large","max-video-preview":"max-video-preview:-1"},"canonical":"https:\/\/www.centredesignrealite.com\/en\/produit\/evier-cuisine-acier-inoxydable\/","og_locale":"en_US","og_type":"article","og_title":"\u00c9VIER DE CUISINE EN ACIER INOXYDABLE","og_description":"\u00c9vier de cuisine en acier inoxydable La s\u00e9rie d'\u00e9viers Cube pr\u00e9sente un look minimaliste et lin\u00e9aire avec des coins \u00e0 rayon serr\u00e9 et est un compl\u00e9ment parfait \u00e0 une esth\u00e9tique de cuisine moderne ou transitionnelle.  CARACT\u00c9RISTIQUES   Bol profond : un grand bol profond facilite le nettoyage des ustensiles de cuisine et minimise les \u00e9claboussures, offrant la forme et la fonction que vous attendez de votre \u00e9vier.  Facile \u00e0 nettoyer : la finition nacr\u00e9e r\u00e9sistante r\u00e9sistera \u00e0 une utilisation quotidienne intensive. Vidange efficace : le fond inclin\u00e9 cr\u00e9e une vidange efficace, et le placement du drain arri\u00e8re offre un stockage suppl\u00e9mentaire sous l'\u00e9vier.  Installation sous le comptoir : Install\u00e9 sous le comptoir, il donne une finition sans rebord facile \u00e0 nettoyer.","og_url":"https:\/\/www.centredesignrealite.com\/en\/produit\/evier-cuisine-acier-inoxydable\/","og_site_name":"R\u00e9novation de cuisine &amp; salle de bains \u00e0 Laval","article_publisher":"https:\/\/www.facebook.com\/CentreDesignRealite","article_modified_time":"2022-04-04T21:06:03+00:00","og_image":[{"width":783,"height":1000,"url":"https:\/\/www.centredesignrealite.com\/wp-content\/uploads\/2022\/04\/Evier-de-cuisine-en-acier.jpg","type":"image\/jpeg"}],"twitter_card":"summary_large_image","twitter_misc":{"Est. reading time":"1 minute"},"schema":{"@context":"https:\/\/schema.org","@graph":[{"@type":"WebPage","@id":"https:\/\/www.centredesignrealite.com\/en\/produit\/evier-cuisine-acier-inoxydable\/","url":"https:\/\/www.centredesignrealite.com\/en\/produit\/evier-cuisine-acier-inoxydable\/","name":"\u00c9VIER DE CUISINE EN ACIER INOXYDABLE - R\u00e9novation de cuisine &amp; salle de bains \u00e0 Laval","isPartOf":{"@id":"https:\/\/www.centredesignrealite.com\/en\/#website"},"primaryImageOfPage":{"@id":"https:\/\/www.centredesignrealite.com\/en\/produit\/evier-cuisine-acier-inoxydable\/#primaryimage"},"image":{"@id":"https:\/\/www.centredesignrealite.com\/en\/produit\/evier-cuisine-acier-inoxydable\/#primaryimage"},"thumbnailUrl":"https:\/\/www.centredesignrealite.com\/wp-content\/uploads\/2022\/04\/Evier-de-cuisine-en-acier.jpg","datePublished":"2022-04-04T20:55:07+00:00","dateModified":"2022-04-04T21:06:03+00:00","breadcrumb":{"@id":"https:\/\/www.centredesignrealite.com\/en\/produit\/evier-cuisine-acier-inoxydable\/#breadcrumb"},"inLanguage":"en-US","potentialAction":[{"@type":"ReadAction","target":["https:\/\/www.centredesignrealite.com\/en\/produit\/evier-cuisine-acier-inoxydable\/"]}]},{"@type":"ImageObject","inLanguage":"en-US","@id":"https:\/\/www.centredesignrealite.com\/en\/produit\/evier-cuisine-acier-inoxydable\/#primaryimage","url":"https:\/\/www.centredesignrealite.com\/wp-content\/uploads\/2022\/04\/Evier-de-cuisine-en-acier.jpg","contentUrl":"https:\/\/www.centredesignrealite.com\/wp-content\/uploads\/2022\/04\/Evier-de-cuisine-en-acier.jpg","width":783,"height":1000},{"@type":"BreadcrumbList","@id":"https:\/\/www.centredesignrealite.com\/en\/produit\/evier-cuisine-acier-inoxydable\/#breadcrumb","itemListElement":[{"@type":"ListItem","position":1,"name":"Acceuil","item":"https:\/\/www.centredesignrealite.com\/en\/kitchen-bathroom-specialist\/"},{"@type":"ListItem","position":2,"name":"Store","item":"https:\/\/www.centredesignrealite.com\/en\/shop\/"},{"@type":"ListItem","position":3,"name":"\u00c9VIER DE CUISINE EN ACIER INOXYDABLE"}]},{"@type":"WebSite","@id":"https:\/\/www.centredesignrealite.com\/en\/#website","url":"https:\/\/www.centredesignrealite.com\/en\/","name":"R\u00e9novation de cuisine & salle de bains \u00e0 Laval","description":"","publisher":{"@id":"https:\/\/www.centredesignrealite.com\/en\/#organization"},"potentialAction":[{"@type":"SearchAction","target":{"@type":"EntryPoint","urlTemplate":"https:\/\/www.centredesignrealite.com\/en\/?s={search_term_string}"},"query-input":{"@type":"PropertyValueSpecification","valueRequired":true,"valueName":"search_term_string"}}],"inLanguage":"en-US"},{"@type":"Organization","@id":"https:\/\/www.centredesignrealite.com\/en\/#organization","name":"R\u00e9novation de cuisine & salle de bains \u00e0 Laval","url":"https:\/\/www.centredesignrealite.com\/en\/","logo":{"@type":"ImageObject","inLanguage":"en-US","@id":"https:\/\/www.centredesignrealite.com\/en\/#\/schema\/logo\/image\/","url":"https:\/\/www.centredesignrealite.com\/wp-content\/uploads\/2022\/03\/cropped-logoCdr-1.png","contentUrl":"https:\/\/www.centredesignrealite.com\/wp-content\/uploads\/2022\/03\/cropped-logoCdr-1.png","width":274,"height":274,"caption":"R\u00e9novation de cuisine & salle de bains \u00e0 Laval"},"image":{"@id":"https:\/\/www.centredesignrealite.com\/en\/#\/schema\/logo\/image\/"},"sameAs":["https:\/\/www.facebook.com\/CentreDesignRealite"]}]}},"_links":{"self":[{"href":"https:\/\/www.centredesignrealite.com\/en\/wp-json\/wp\/v2\/product\/22669","targetHints":{"allow":["GET"]}}],"collection":[{"href":"https:\/\/www.centredesignrealite.com\/en\/wp-json\/wp\/v2\/product"}],"about":[{"href":"https:\/\/www.centredesignrealite.com\/en\/wp-json\/wp\/v2\/types\/product"}],"replies":[{"embeddable":true,"href":"https:\/\/www.centredesignrealite.com\/en\/wp-json\/wp\/v2\/comments?post=22669"}],"version-history":[{"count":0,"href":"https:\/\/www.centredesignrealite.com\/en\/wp-json\/wp\/v2\/product\/22669\/revisions"}],"wp:featuredmedia":[{"embeddable":true,"href":"https:\/\/www.centredesignrealite.com\/en\/wp-json\/wp\/v2\/media\/22670"}],"wp:attachment":[{"href":"https:\/\/www.centredesignrealite.com\/en\/wp-json\/wp\/v2\/media?parent=22669"}],"wp:term":[{"taxonomy":"product_cat","embeddable":true,"href":"https:\/\/www.centredesignrealite.com\/en\/wp-json\/wp\/v2\/product_cat?post=22669"},{"taxonomy":"product_tag","embeddable":true,"href":"https:\/\/www.centredesignrealite.com\/en\/wp-json\/wp\/v2\/product_tag?post=22669"}],"curies":[{"name":"wp","href":"https:\/\/api.w.org\/{rel}","templated":true}]}}